{"id":474,"date":"2021-11-23T08:52:44","date_gmt":"2021-11-23T08:52:44","guid":{"rendered":"https:\/\/arbak.asoundfiction.com\/contact\/"},"modified":"2023-05-23T14:58:54","modified_gmt":"2023-05-23T14:58:54","slug":"contact","status":"publish","type":"page","link":"https:\/\/arbakconsulting.com\/en\/contact\/","title":{"rendered":"Contact"},"content":{"rendered":"\n  <div class=\"banner has-hover\" id=\"banner-170220737\">\n          <div class=\"banner-inner fill\">\n        <div class=\"banner-bg fill\" >\n            <img loading=\"lazy\" decoding=\"async\" width=\"2560\" height=\"1339\" src=\"https:\/\/arbakconsulting.com\/wp-content\/uploads\/2021\/11\/I\u0307letis\u0327im-scaled.jpg\" class=\"bg attachment-original size-original\" alt=\"\" \/>                        <div class=\"overlay\"><\/div>            \n                    <\/div>\n\t\t\n        <div class=\"banner-layers container\">\n            <div class=\"fill banner-link\"><\/div>            \n   <div id=\"text-box-1849116688\" class=\"text-box banner-layer x50 md-x10 lg-x0 y90 md-y90 lg-y90 res-text\">\n                                <div class=\"text-box-content text dark\">\n              \n              <div class=\"text-inner text-center\">\n                  \n<h1 class=\"thin-font\"><b>Contact<\/b><\/h1>\n              <\/div>\n           <\/div>\n                            \n<style>\n#text-box-1849116688 {\n  width: 26%;\n}\n#text-box-1849116688 .text-box-content {\n  font-size: 100%;\n}\n<\/style>\n    <\/div>\n \n        <\/div>\n      <\/div>\n\n            \n<style>\n#banner-170220737 {\n  padding-top: 250px;\n}\n#banner-170220737 .overlay {\n  background-color: rgba(0,0,0,.5);\n}\n#banner-170220737 .banner-bg img {\n  object-position: 100% 100%;\n}\n@media (min-width:550px) {\n  #banner-170220737 {\n    padding-top: 400px;\n  }\n}\n@media (min-width:850px) {\n  #banner-170220737 {\n    padding-top: 600px;\n  }\n  #banner-170220737 .overlay {\n    background-color: rgba(0,0,0,.5);\n  }\n}\n<\/style>\n  <\/div>\n\n\n<div class=\"row align-middle\"  id=\"row-1602055136\">\n\n\t<div id=\"col-1874344470\" class=\"col medium-4 small-6 large-4\"  >\n\t\t\t\t<div class=\"col-inner\"  >\n\t\t\t\n\t\t\t\n\n\t<a class=\"plain\" href=\"tel:+905333347170\" >\t<div class=\"icon-box featured-box hide-for-medium icon-box-center text-center\"  >\n\t\t\t\t\t<div class=\"icon-box-img\" style=\"width: 50px\">\n\t\t\t\t<div class=\"icon\">\n\t\t\t\t\t<div class=\"icon-inner\" >\n\t\t\t\t\t\t<img loading=\"lazy\" decoding=\"async\" width=\"250\" height=\"251\" src=\"https:\/\/arbakconsulting.com\/wp-content\/uploads\/2021\/10\/tel-icon.png\" class=\"attachment-medium size-medium\" alt=\"\" srcset=\"https:\/\/arbakconsulting.com\/wp-content\/uploads\/2021\/10\/tel-icon.png 250w, https:\/\/arbakconsulting.com\/wp-content\/uploads\/2021\/10\/tel-icon-150x150.png 150w\" sizes=\"auto, (max-width: 250px) 100vw, 250px\" \/>\t\t\t\t\t<\/div>\n\t\t\t\t<\/div>\n\t\t\t<\/div>\n\t\t\t\t<div class=\"icon-box-text last-reset\">\n\t\t\t\t\t\t\t\t\t\n<p><strong><a href=\"tel:+905333347170\">+90 533 334 71 70<\/a><\/strong><\/p>\n\t\t<\/div>\n\t<\/div>\n\t<\/a>\n\t\n\n\t<a class=\"plain\" href=\"tel:+905333347170\" >\t<div class=\"icon-box featured-box show-for-medium hide-for-small icon-box-center text-center is-small\"  >\n\t\t\t\t\t<div class=\"icon-box-img\" style=\"width: 35px\">\n\t\t\t\t<div class=\"icon\">\n\t\t\t\t\t<div class=\"icon-inner\" >\n\t\t\t\t\t\t<img loading=\"lazy\" decoding=\"async\" width=\"250\" height=\"251\" src=\"https:\/\/arbakconsulting.com\/wp-content\/uploads\/2021\/10\/tel-icon.png\" class=\"attachment-medium size-medium\" alt=\"\" srcset=\"https:\/\/arbakconsulting.com\/wp-content\/uploads\/2021\/10\/tel-icon.png 250w, https:\/\/arbakconsulting.com\/wp-content\/uploads\/2021\/10\/tel-icon-150x150.png 150w\" sizes=\"auto, (max-width: 250px) 100vw, 250px\" \/>\t\t\t\t\t<\/div>\n\t\t\t\t<\/div>\n\t\t\t<\/div>\n\t\t\t\t<div class=\"icon-box-text last-reset\">\n\t\t\t\t\t\t\t\t\t\n\t<div id=\"gap-1887277589\" class=\"gap-element clearfix\" style=\"display:block; height:auto;\">\n\t\t\n<style>\n#gap-1887277589 {\n  padding-top: 7px;\n}\n@media (min-width:850px) {\n  #gap-1887277589 {\n    padding-top: 14px;\n  }\n}\n<\/style>\n\t<\/div>\n\t\n<h3><a href=\"tel:+905333347170\">+90 533 334 71 70<\/a><\/h3>\n\t\t<\/div>\n\t<\/div>\n\t<\/a>\n\t\n\n\t<a class=\"plain\" href=\"tel:+905333347170\" >\t<div class=\"icon-box featured-box show-for-small icon-box-center text-center is-small\"  >\n\t\t\t\t\t<div class=\"icon-box-img\" style=\"width: 35px\">\n\t\t\t\t<div class=\"icon\">\n\t\t\t\t\t<div class=\"icon-inner\" >\n\t\t\t\t\t\t<img loading=\"lazy\" decoding=\"async\" width=\"250\" height=\"251\" src=\"https:\/\/arbakconsulting.com\/wp-content\/uploads\/2021\/10\/tel-icon.png\" class=\"attachment-medium size-medium\" alt=\"\" srcset=\"https:\/\/arbakconsulting.com\/wp-content\/uploads\/2021\/10\/tel-icon.png 250w, https:\/\/arbakconsulting.com\/wp-content\/uploads\/2021\/10\/tel-icon-150x150.png 150w\" sizes=\"auto, (max-width: 250px) 100vw, 250px\" \/>\t\t\t\t\t<\/div>\n\t\t\t\t<\/div>\n\t\t\t<\/div>\n\t\t\t\t<div class=\"icon-box-text last-reset\">\n\t\t\t\t\t\t\t\t\t\n\t<div id=\"gap-1293315647\" class=\"gap-element clearfix\" style=\"display:block; height:auto;\">\n\t\t\n<style>\n#gap-1293315647 {\n  padding-top: 7px;\n}\n@media (min-width:850px) {\n  #gap-1293315647 {\n    padding-top: 14px;\n  }\n}\n<\/style>\n\t<\/div>\n\t\n<p><span style=\"font-size: 120%;\"><strong><a href=\"tel:+905333347170\">+90 533 334 71 70<\/a><\/strong><\/span><\/p>\n\t\t<\/div>\n\t<\/div>\n\t<\/a>\n\t\n\t\t<\/div>\n\t\t\t\t\t<\/div>\n\n\t\n\n\t<div id=\"col-36211153\" class=\"col medium-4 small-6 large-4\"  >\n\t\t\t\t<div class=\"col-inner\"  >\n\t\t\t\n\t\t\t\n\n\t<a class=\"plain\" href=\"https:\/\/api.whatsapp.com\/send\/?phone=%2B905333347170&#038;text&#038;app_absent=0\" target=\"_blank\" rel=\"noopener\">\t<div class=\"icon-box featured-box hide-for-medium icon-box-center text-center\"  >\n\t\t\t\t\t<div class=\"icon-box-img\" style=\"width: 50px\">\n\t\t\t\t<div class=\"icon\">\n\t\t\t\t\t<div class=\"icon-inner\" >\n\t\t\t\t\t\t<img loading=\"lazy\" decoding=\"async\" width=\"250\" height=\"251\" src=\"https:\/\/arbakconsulting.com\/wp-content\/uploads\/2021\/10\/wp-icon.png\" class=\"attachment-medium size-medium\" alt=\"\" srcset=\"https:\/\/arbakconsulting.com\/wp-content\/uploads\/2021\/10\/wp-icon.png 250w, https:\/\/arbakconsulting.com\/wp-content\/uploads\/2021\/10\/wp-icon-150x150.png 150w\" sizes=\"auto, (max-width: 250px) 100vw, 250px\" \/>\t\t\t\t\t<\/div>\n\t\t\t\t<\/div>\n\t\t\t<\/div>\n\t\t\t\t<div class=\"icon-box-text last-reset\">\n\t\t\t\t\t\t\t\t\t\n<p><strong><a href=\"https:\/\/api.whatsapp.com\/send\/?phone=%2B905333347170&amp;text&amp;app_absent=0\" target=\"_blank\" rel=\"noopener\">\u00a0+90 533 334 71 70<\/a><\/strong><\/p>\n\t\t<\/div>\n\t<\/div>\n\t<\/a>\n\t\n\n\t<a class=\"plain\" href=\"https:\/\/api.whatsapp.com\/send\/?phone=%2B905333347170&#038;text&#038;app_absent=0\" target=\"_blank\" rel=\"noopener\">\t<div class=\"icon-box featured-box show-for-medium hide-for-small icon-box-center text-center is-small\"  >\n\t\t\t\t\t<div class=\"icon-box-img\" style=\"width: 35px\">\n\t\t\t\t<div class=\"icon\">\n\t\t\t\t\t<div class=\"icon-inner\" >\n\t\t\t\t\t\t<img loading=\"lazy\" decoding=\"async\" width=\"250\" height=\"251\" src=\"https:\/\/arbakconsulting.com\/wp-content\/uploads\/2021\/10\/wp-icon.png\" class=\"attachment-medium size-medium\" alt=\"\" srcset=\"https:\/\/arbakconsulting.com\/wp-content\/uploads\/2021\/10\/wp-icon.png 250w, https:\/\/arbakconsulting.com\/wp-content\/uploads\/2021\/10\/wp-icon-150x150.png 150w\" sizes=\"auto, (max-width: 250px) 100vw, 250px\" \/>\t\t\t\t\t<\/div>\n\t\t\t\t<\/div>\n\t\t\t<\/div>\n\t\t\t\t<div class=\"icon-box-text last-reset\">\n\t\t\t\t\t\t\t\t\t\n\t<div id=\"gap-2111817351\" class=\"gap-element clearfix\" style=\"display:block; height:auto;\">\n\t\t\n<style>\n#gap-2111817351 {\n  padding-top: 7px;\n}\n@media (min-width:850px) {\n  #gap-2111817351 {\n    padding-top: 14px;\n  }\n}\n<\/style>\n\t<\/div>\n\t\n<h3><a href=\"https:\/\/api.whatsapp.com\/send\/?phone=%2B905333347170&amp;text&amp;app_absent=0\" target=\"_blank\" rel=\"noopener\">\u00a0+90 533 334 71 70<\/a><\/h3>\n\t\t<\/div>\n\t<\/div>\n\t<\/a>\n\t\n\n\t<a class=\"plain\" href=\"https:\/\/api.whatsapp.com\/send\/?phone=%2B905333347170&#038;text&#038;app_absent=0\" target=\"_blank\" rel=\"noopener\">\t<div class=\"icon-box featured-box show-for-small icon-box-center text-center is-small\"  >\n\t\t\t\t\t<div class=\"icon-box-img\" style=\"width: 35px\">\n\t\t\t\t<div class=\"icon\">\n\t\t\t\t\t<div class=\"icon-inner\" >\n\t\t\t\t\t\t<img loading=\"lazy\" decoding=\"async\" width=\"250\" height=\"251\" src=\"https:\/\/arbakconsulting.com\/wp-content\/uploads\/2021\/10\/wp-icon.png\" class=\"attachment-medium size-medium\" alt=\"\" srcset=\"https:\/\/arbakconsulting.com\/wp-content\/uploads\/2021\/10\/wp-icon.png 250w, https:\/\/arbakconsulting.com\/wp-content\/uploads\/2021\/10\/wp-icon-150x150.png 150w\" sizes=\"auto, (max-width: 250px) 100vw, 250px\" \/>\t\t\t\t\t<\/div>\n\t\t\t\t<\/div>\n\t\t\t<\/div>\n\t\t\t\t<div class=\"icon-box-text last-reset\">\n\t\t\t\t\t\t\t\t\t\n\t<div id=\"gap-356952361\" class=\"gap-element clearfix\" style=\"display:block; height:auto;\">\n\t\t\n<style>\n#gap-356952361 {\n  padding-top: 7px;\n}\n@media (min-width:850px) {\n  #gap-356952361 {\n    padding-top: 14px;\n  }\n}\n<\/style>\n\t<\/div>\n\t\n<p><span style=\"font-size: 120%;\"><strong><a href=\"https:\/\/api.whatsapp.com\/send\/?phone=%2B905333347170&amp;text&amp;app_absent=0\" target=\"_blank\" rel=\"noopener\">\u00a0+90 533 334 71 70<\/a><\/strong><\/span><\/p>\n\t\t<\/div>\n\t<\/div>\n\t<\/a>\n\t\n\t\t<\/div>\n\t\t\t\t\t<\/div>\n\n\t\n\n\t<div id=\"col-1018097291\" class=\"col medium-4 small-12 large-4\"  >\n\t\t\t\t<div class=\"col-inner\"  >\n\t\t\t\n\t\t\t\n\n\t<a class=\"plain\" href=\"mailto:turgay.arbak@arbakconsulting.com\" >\t<div class=\"icon-box featured-box hide-for-medium icon-box-center text-center\"  >\n\t\t\t\t\t<div class=\"icon-box-img\" style=\"width: 45px\">\n\t\t\t\t<div class=\"icon\">\n\t\t\t\t\t<div class=\"icon-inner\" >\n\t\t\t\t\t\t<img loading=\"lazy\" decoding=\"async\" width=\"250\" height=\"251\" src=\"https:\/\/arbakconsulting.com\/wp-content\/uploads\/2021\/10\/mail-icon.png\" class=\"attachment-medium size-medium\" alt=\"\" srcset=\"https:\/\/arbakconsulting.com\/wp-content\/uploads\/2021\/10\/mail-icon.png 250w, https:\/\/arbakconsulting.com\/wp-content\/uploads\/2021\/10\/mail-icon-150x150.png 150w\" sizes=\"auto, (max-width: 250px) 100vw, 250px\" \/>\t\t\t\t\t<\/div>\n\t\t\t\t<\/div>\n\t\t\t<\/div>\n\t\t\t\t<div class=\"icon-box-text last-reset\">\n\t\t\t\t\t\t\t\t\t\n<p><strong><a href=\"turgay.arbak@arbakconsulting.com\"> turgay.arbak@arbakconsulting.com <\/a><\/strong><\/p>\n\t\t<\/div>\n\t<\/div>\n\t<\/a>\n\t\n\n\t\t<div class=\"icon-box featured-box show-for-small icon-box-center text-center is-small\"  >\n\t\t\t\t\t<div class=\"icon-box-img\" style=\"width: 35px\">\n\t\t\t\t<div class=\"icon\">\n\t\t\t\t\t<div class=\"icon-inner\" >\n\t\t\t\t\t\t<img loading=\"lazy\" decoding=\"async\" width=\"250\" height=\"251\" src=\"https:\/\/arbakconsulting.com\/wp-content\/uploads\/2021\/10\/mail-icon.png\" class=\"attachment-medium size-medium\" alt=\"\" srcset=\"https:\/\/arbakconsulting.com\/wp-content\/uploads\/2021\/10\/mail-icon.png 250w, https:\/\/arbakconsulting.com\/wp-content\/uploads\/2021\/10\/mail-icon-150x150.png 150w\" sizes=\"auto, (max-width: 250px) 100vw, 250px\" \/>\t\t\t\t\t<\/div>\n\t\t\t\t<\/div>\n\t\t\t<\/div>\n\t\t\t\t<div class=\"icon-box-text last-reset\">\n\t\t\t\t\t\t\t\t\t\n\t<div id=\"gap-1040985500\" class=\"gap-element clearfix\" style=\"display:block; height:auto;\">\n\t\t\n<style>\n#gap-1040985500 {\n  padding-top: 8px;\n}\n@media (min-width:850px) {\n  #gap-1040985500 {\n    padding-top: 14px;\n  }\n}\n<\/style>\n\t<\/div>\n\t\n<p><span style=\"font-size: 110%;\"><strong><a href=\"mailto:turgay.arbak@arbakconsulting.com\">turgay.arbak@arbakconsulting.com<\/a><\/strong><\/span><\/p>\n\t\t<\/div>\n\t<\/div>\n\t\n\t\n\n\t\t<div class=\"icon-box featured-box show-for-medium hide-for-small icon-box-center text-center is-small\"  >\n\t\t\t\t\t<div class=\"icon-box-img\" style=\"width: 35px\">\n\t\t\t\t<div class=\"icon\">\n\t\t\t\t\t<div class=\"icon-inner\" >\n\t\t\t\t\t\t<img loading=\"lazy\" decoding=\"async\" width=\"250\" height=\"251\" src=\"https:\/\/arbakconsulting.com\/wp-content\/uploads\/2021\/10\/mail-icon.png\" class=\"attachment-medium size-medium\" alt=\"\" srcset=\"https:\/\/arbakconsulting.com\/wp-content\/uploads\/2021\/10\/mail-icon.png 250w, https:\/\/arbakconsulting.com\/wp-content\/uploads\/2021\/10\/mail-icon-150x150.png 150w\" sizes=\"auto, (max-width: 250px) 100vw, 250px\" \/>\t\t\t\t\t<\/div>\n\t\t\t\t<\/div>\n\t\t\t<\/div>\n\t\t\t\t<div class=\"icon-box-text last-reset\">\n\t\t\t\t\t\t\t\t\t\n\t<div id=\"gap-485371636\" class=\"gap-element clearfix\" style=\"display:block; height:auto;\">\n\t\t\n<style>\n#gap-485371636 {\n  padding-top: 0px;\n}\n@media (min-width:850px) {\n  #gap-485371636 {\n    padding-top: 14px;\n  }\n}\n<\/style>\n\t<\/div>\n\t\n<h5><strong><a href=\"mailto:turgay.arbak@arbakconsulting.com\">turgay.arbak@arbakconsulting.com<\/a><\/strong><\/h5>\n\t\t<\/div>\n\t<\/div>\n\t\n\t\n\t\t<\/div>\n\t\t\t\t\t<\/div>\n\n\t\n<\/div>\n<div class=\"row row-collapse\"  id=\"row-1951059974\">\n\n\t<div id=\"col-1278622963\" class=\"col small-12 large-12\"  >\n\t\t\t\t<div class=\"col-inner\"  >\n\t\t\t\n\t\t\t\n\t<div id=\"gap-681290210\" class=\"gap-element clearfix\" style=\"display:block; height:auto;\">\n\t\t\n<style>\n#gap-681290210 {\n  padding-top: 15px;\n}\n@media (min-width:850px) {\n  #gap-681290210 {\n    padding-top: 30px;\n  }\n}\n<\/style>\n\t<\/div>\n\t\n\n  <div class=\"banner has-hover\" id=\"banner-1952010460\">\n          <div class=\"banner-inner fill\">\n        <div class=\"banner-bg fill\" >\n            <img loading=\"lazy\" decoding=\"async\" width=\"972\" height=\"1024\" src=\"https:\/\/arbakconsulting.com\/wp-content\/uploads\/2021\/10\/istanbul-972x1024.jpg\" class=\"bg attachment-large size-large\" alt=\"\" \/>                                    \n                    <\/div>\n\t\t\n        <div class=\"banner-layers container\">\n            <div class=\"fill banner-link\"><\/div>            \n   <div id=\"text-box-1981129572\" class=\"text-box banner-layer x5 md-x5 lg-x5 y50 md-y50 lg-y50 res-text\">\n                     <div data-animate=\"fadeInLeft\">           <div class=\"text-box-content text dark\">\n              \n              <div class=\"text-inner text-center\">\n                  \n<p><iframe loading=\"lazy\" style=\"border: 0;\" src=\"https:\/\/www.google.com\/maps\/embed?pb=!1m18!1m12!1m3!1d3011.858781367224!2d29.06069601550895!3d40.98457302883189!2m3!1f0!2f0!3f0!3m2!1i1024!2i768!4f13.1!3m3!1m2!1s0x14cac791504a4adb%3A0x65e25a0e52f9f6ce!2zTWVyZGl2ZW5rw7Z5LCBIxLF6xLFyYmV5IENkLiBObzoyMzksIDM0NzMyIEthZMSxa8O2eS_EsHN0YW5idWw!5e0!3m2!1str!2str!4v1637591026236!5m2!1str!2str\" width=\"600\" height=\"240\" allowfullscreen=\"allowfullscreen\"><\/iframe><\/p>\n              <\/div>\n           <\/div>\n       <\/div>                     \n<style>\n#text-box-1981129572 {\n  width: 46%;\n}\n#text-box-1981129572 .text-box-content {\n  font-size: 19%;\n}\n@media (min-width:550px) {\n  #text-box-1981129572 {\n    width: 36%;\n  }\n}\n<\/style>\n    <\/div>\n \n   <div id=\"text-box-485292599\" class=\"text-box banner-layer x95 md-x95 lg-x95 y50 md-y50 lg-y50 res-text\">\n                     <div data-animate=\"fadeInLeft\">           <div class=\"text-box-content text \">\n              \n              <div class=\"text-inner text-center\">\n                  \n<h4 class=\"uppercase\"><strong>Istanbul OFFICE<\/strong><\/h4>\n<p>Feneryolu Mahallesi \u00c7amtepe Sokak: 7 Daire: 10 Kad\u0131k\u00f6y \u0130stanbul<br \/>\n<a href=\"https:\/\/www.google.com\/maps\/dir\/\/Merdivenk%C3%B6y,+H%C4%B1z%C4%B1rbey+Cd.+No:239,+34732+Kad%C4%B1k%C3%B6y%2F%C4%B0stanbul\/@40.984569,29.060696,17z\/data=!4m9!4m8!1m0!1m5!1m1!1s0x14cac791504a4adb:0x65e25a0e52f9f6ce!2m2!1d29.0628847!2d40.984569!3e0\" class=\"button primary lowercase\" style=\"border-radius:99px;\" target=\"_blank\" rel=\"noopener\">\n\t<i class=\"icon-map-pin-fill\" aria-hidden=\"true\"><\/i>\t<span>Navigation Directions<\/span>\n\t<\/a>\n\n              <\/div>\n           <\/div>\n       <\/div>                     \n<style>\n#text-box-485292599 .text-box-content {\n  background-color: rgb(255, 255, 255);\n  font-size: 81%;\n}\n#text-box-485292599 .text-inner {\n  padding: 40px 20px 40px 20px;\n}\n#text-box-485292599 {\n  width: 41%;\n}\n@media (min-width:550px) {\n  #text-box-485292599 {\n    width: 35%;\n  }\n}\n<\/style>\n    <\/div>\n \n        <\/div>\n      <\/div>\n\n            \n<style>\n#banner-1952010460 {\n  padding-top: 350px;\n}\n@media (min-width:550px) {\n  #banner-1952010460 {\n    padding-top: 450px;\n  }\n}\n@media (min-width:850px) {\n  #banner-1952010460 {\n    padding-top: 499px;\n  }\n}\n<\/style>\n  <\/div>\n\n\n\t<div id=\"gap-865945185\" class=\"gap-element clearfix\" style=\"display:block; height:auto;\">\n\t\t\n<style>\n#gap-865945185 {\n  padding-top: 15px;\n}\n@media (min-width:850px) {\n  #gap-865945185 {\n    padding-top: 40px;\n  }\n}\n<\/style>\n\t<\/div>\n\t\n<div class=\"row align-center\"  id=\"row-752637484\">\n\n\t<div id=\"col-1249587746\" class=\"col medium-5 small-10 large-6\"  >\n\t\t\t\t<div class=\"col-inner\"  >\n\t\t\t\n\t\t\t\n<h4>Corporate Information<\/h4>\n<p><strong>Title:<\/strong> Ahmet Y\u0131ld\u0131z &#8211; Y\u0131ld\u0131z Mali M\u00fc\u015favirlik<br \/>\n<strong>Tax identification number:<\/strong> 9600648272<br \/>\n<strong>Tax Administration:<\/strong> \u015ei\u015fli Vergi Dairesi<br \/>\n<strong>Adress:<\/strong> Feneryolu Mahallesi \u00c7amtepe Sokak: 7 Daire: 10 Kad\u0131k\u00f6y \u0130stanbul<\/p>\n\t\t<\/div>\n\t\t\t\t\t<\/div>\n\n\t\n\n\t<div id=\"col-891337740\" class=\"col medium-5 small-10 large-6\"  >\n\t\t\t\t<div class=\"col-inner\"  >\n\t\t\t\n\t\t\t\n<div class=\"wpforms-container wpforms-container-full\" id=\"wpforms-473\"><form id=\"wpforms-form-473\" class=\"wpforms-validate wpforms-form wpforms-ajax-form\" data-formid=\"473\" method=\"post\" enctype=\"multipart\/form-data\" action=\"\/en\/wp-json\/wp\/v2\/pages\/474\" data-token=\"b2af505469ce75113ef80c8b89793735\" data-token-time=\"1778851991\"><noscript class=\"wpforms-error-noscript\">Please enable JavaScript in your browser to complete this form.<\/noscript><div class=\"wpforms-field-container\"><div id=\"wpforms-473-field_0-container\" class=\"wpforms-field wpforms-field-name\" data-field-id=\"0\"><label class=\"wpforms-field-label\" for=\"wpforms-473-field_0\">Name <span class=\"wpforms-required-label\">*<\/span><\/label><input type=\"text\" id=\"wpforms-473-field_0\" class=\"wpforms-field-large wpforms-field-required\" name=\"wpforms[fields][0]\" required><\/div><div id=\"wpforms-473-field_1-container\" class=\"wpforms-field wpforms-field-email\" data-field-id=\"1\"><label class=\"wpforms-field-label\" for=\"wpforms-473-field_1\">E - Mail <span class=\"wpforms-required-label\">*<\/span><\/label><input type=\"email\" id=\"wpforms-473-field_1\" class=\"wpforms-field-large wpforms-field-required\" name=\"wpforms[fields][1]\" spellcheck=\"false\" required><\/div><div id=\"wpforms-473-field_2-container\" class=\"wpforms-field wpforms-field-textarea\" data-field-id=\"2\"><label class=\"wpforms-field-label\" for=\"wpforms-473-field_2\">Message <span class=\"wpforms-required-label\">*<\/span><\/label><textarea id=\"wpforms-473-field_2\" class=\"wpforms-field-large wpforms-field-required\" name=\"wpforms[fields][2]\" required><\/textarea><\/div><\/div><!-- .wpforms-field-container --><div class=\"wpforms-submit-container\" ><input type=\"hidden\" name=\"wpforms[id]\" value=\"473\"><input type=\"hidden\" name=\"page_title\" value=\"\"><input type=\"hidden\" name=\"page_url\" value=\"https:\/\/arbakconsulting.com\/en\/wp-json\/wp\/v2\/pages\/474\"><input type=\"hidden\" name=\"url_referer\" value=\"\"><button type=\"submit\" name=\"wpforms[submit]\" id=\"wpforms-submit-473\" class=\"wpforms-submit asf_button\" data-alt-text=\"Submitting...\" data-submit-text=\"Submit\" aria-live=\"assertive\" value=\"wpforms-submit\">Submit<\/button><img loading=\"lazy\" decoding=\"async\" src=\"https:\/\/arbakconsulting.com\/wp-content\/plugins\/wpforms-lite\/assets\/images\/submit-spin.svg\" class=\"wpforms-submit-spinner\" style=\"display: none;\" width=\"26\" height=\"26\" alt=\"Loading\"><\/div><\/form><\/div>  <!-- .wpforms-container -->\n\t\t<\/div>\n\t\t\t\t\t<\/div>\n\n\t\n<\/div>\n\t\t<\/div>\n\t\t\t\t\t<\/div>\n\n\t\n<\/div>\n","protected":false},"excerpt":{"rendered":"","protected":false},"author":1,"featured_media":0,"parent":0,"menu_order":0,"comment_status":"closed","ping_status":"closed","template":"page-transparent-header-light.php","meta":{"footnotes":""},"class_list":["post-474","page","type-page","status-publish","hentry"],"_links":{"self":[{"href":"https:\/\/arbakconsulting.com\/en\/wp-json\/wp\/v2\/pages\/474","targetHints":{"allow":["GET"]}}],"collection":[{"href":"https:\/\/arbakconsulting.com\/en\/wp-json\/wp\/v2\/pages"}],"about":[{"href":"https:\/\/arbakconsulting.com\/en\/wp-json\/wp\/v2\/types\/page"}],"author":[{"embeddable":true,"href":"https:\/\/arbakconsulting.com\/en\/wp-json\/wp\/v2\/users\/1"}],"replies":[{"embeddable":true,"href":"https:\/\/arbakconsulting.com\/en\/wp-json\/wp\/v2\/comments?post=474"}],"version-history":[{"count":0,"href":"https:\/\/arbakconsulting.com\/en\/wp-json\/wp\/v2\/pages\/474\/revisions"}],"wp:attachment":[{"href":"https:\/\/arbakconsulting.com\/en\/wp-json\/wp\/v2\/media?parent=474"}],"curies":[{"name":"wp","href":"https:\/\/api.w.org\/{rel}","templated":true}]}}